{"id":21783,"date":"2024-09-16T12:58:23","date_gmt":"2024-09-16T15:58:23","guid":{"rendered":"https:\/\/masfm.com\/emisora\/?page_id=21783"},"modified":"2025-07-19T14:39:39","modified_gmt":"2025-07-19T17:39:39","slug":"mas-stream-estudios-para-streaming-profesional","status":"publish","type":"page","link":"https:\/\/masfm.com\/emisora\/mas-stream-estudios-para-streaming-profesional\/","title":{"rendered":"M\u00c1S STREAM"},"content":{"rendered":"\n<figure class=\"wp-block-image size-full\"><img loading=\"lazy\" decoding=\"async\" width=\"690\" height=\"330\" src=\"https:\/\/masfm.com\/emisora\/wp-content\/uploads\/2024\/09\/mas-stream-alquiler-de-estudios-y-tecnica-para-streaming-en-santa-fe-capital-exteriores.webp\" alt=\"En M\u00e1s Stream alquilamos estudios, t\u00e9cnica y personal profesional para realizar tus mejores transmisiones de Streaming, TV y circuito cerrado.\" class=\"wp-image-21930\" title=\"En M\u00e1s Stream alquilamos estudios, t\u00e9cnica y personal profesional para realizar tus mejores transmisiones de Streaming, TV y circuito cerrado.  M\u00e1s Stream son estudios en alquiler para Streaming y TV, amueblados o no, con toda la t\u00e9cnica necesario para realizar transmisiones profesionales desde Santa Fe Capital para todo el mundo.\" srcset=\"https:\/\/masfm.com\/emisora\/wp-content\/uploads\/2024\/09\/mas-stream-alquiler-de-estudios-y-tecnica-para-streaming-en-santa-fe-capital-exteriores.webp 690w, https:\/\/masfm.com\/emisora\/wp-content\/uploads\/2024\/09\/mas-stream-alquiler-de-estudios-y-tecnica-para-streaming-en-santa-fe-capital-exteriores-600x287.webp 600w\" sizes=\"auto, (max-width: 690px) 100vw, 690px\" \/><\/figure>\n\n\n\n<h2 class=\"wp-block-heading\" id=\"en-mas-stream-alquilamos-estudios-tecnica-y-personal-profesional-para-realizar-tus-mejores-transmisiones-de-streaming-tv-y-circuito-cerrado\">En M\u00e1s Stream alquilamos estudios, t\u00e9cnica y personal profesional para realizar tus mejores transmisiones de Streaming, TV y circuito cerrado.<\/h2>\n\n\n\n<p>M\u00e1s Stream son estudios en alquiler para Streaming y TV, amueblados o no, con toda la t\u00e9cnica necesario para realizar transmisiones profesionales desde Santa Fe Capital para todo el mundo.<\/p>\n\n\n\n<div class=\"wp-block-rank-math-toc-block\" id=\"rank-math-toc\"><h2>Contenido del posteo.<\/h2><nav><ul><li class=\"\"><a href=\"#en-mas-stream-alquilamos-estudios-tecnica-y-personal-profesional-para-realizar-tus-mejores-transmisiones-de-streaming-tv-y-circuito-cerrado\">En M\u00e1s Stream alquilamos estudios, t\u00e9cnica y personal profesional para realizar tus mejores transmisiones de Streaming, TV y circuito cerrado.<\/a><\/li><li class=\"\"><a href=\"#mas-stream-al-servicio-de-terceros\">M\u00e1s Stream al servicio de terceros.<\/a><\/li><li class=\"\"><a href=\"#abrimos-el-juego-a-todos\">Abrimos el juego a todos.<\/a><\/li><li class=\"\"><a href=\"#arma-tu-setup\">Arm\u00e1 tu Setup.<\/a><\/li><li class=\"\"><a href=\"#contacto-con-mas-stream\">Contacto con M\u00e1s Stream.<\/a><\/li><\/ul><\/nav><\/div>\n\n\n\n<p>Este desprendimiento de <a href=\"https:\/\/www.masfm.com\">M\u00e1s FM<\/a> nace de la experiencia que tenemos, desde el a\u00f1o 2002, realizando transmisiones en vivo (u On Demand) de audio y video por medio de Internet, destinadas para todas las plataformas, servidores privados y redes sociales. Es decir, Streaming.<\/p>\n\n\n\n<p>M\u00e1s FM comenz\u00f3 a realizar sus primeras transmisiones de audio+video en el a\u00f1o 2002, permitiendo a su audiencia escuchar, pero tambi\u00e9n, ver lo que ocurr\u00eda dentro de los estudios de la radio o en su m\u00f3vil de exteriores desde Bariloche.<\/p>\n\n\n\n<p>Aproximadamente desde fines del 2014, <a href=\"https:\/\/masfm.com\/emisora\/#section-custom-content-2\" target=\"_blank\" rel=\"noreferrer noopener\">#LaRadioQueSeVe<\/a> se convierte en visual 100 % durante las 24 horas, mostrando todos sus contenidos (publicidad, art\u00edstica y m\u00fasica) con videos.<\/p>\n\n\n\n<h2 class=\"wp-block-heading\" id=\"mas-stream-al-servicio-de-terceros\">M\u00e1s Stream al servicio de terceros.<\/h2>\n\n\n\n<p>El 2020 fue muy especial por lo que pas\u00f3 a nivel mundial a partir de marzo. <\/p>\n\n\n\n<p>Pero por suerte, antes de quedarnos todos encerrados, estuvimos con nuestro cami\u00f3n de exteriores (estudio+control) en Baradero Rock, transmitiendo para Gamba FM de la ciudad de C\u00f3rdoba.<\/p>\n\n\n\n<figure class=\"wp-block-video\"><video controls src=\"https:\/\/masfm.com\/emisora\/wp-content\/uploads\/2024\/09\/promo-baradero-rock.mp4\"><\/video><\/figure>\n\n\n\n<p>Gracias a esta experiencia emprendimos con M\u00e1s Stream para darle el respaldo necesario a todos aquellos que quieran tener sus propios programas y\/o transmisiones especiales.<\/p>\n\n\n\n<p>Durante la cuarentena y como personal esencial, se puso a disposici\u00f3n el estudio para &#8220;La Noche de Pl\u00e1stico Disco Santa Fe&#8221;, una emisi\u00f3n semanal de 5 horas con la m\u00fasica que hab\u00eda sonado en el cl\u00e1sico boliche de la capital santafesina. Pero adem\u00e1s, le sumamos todas las prestaciones de la nueva tecnolog\u00eda.<\/p>\n\n\n\n<figure class=\"wp-block-video\"><video controls src=\"https:\/\/masfm.com\/emisora\/wp-content\/uploads\/2024\/09\/promo-mas-stream.mp4\"><\/video><\/figure>\n\n\n\n<p>Mientras DJ Fabi\u00e1n Borgobello (m\u00edtico Disc Jockey del boliche de calle 25 de Mayo) hac\u00eda sonar los hits como en aquellos a\u00f1os, nuestro equipo de profesionales &#8220;empardaban&#8221; la canci\u00f3n elegida con el videoclip original del artista, logrando as\u00ed un doblaje perfecto y un detalle extra al producto final.<\/p>\n\n\n\n<p>Adem\u00e1s, videograph, info en placas sobre la banda difundida, conexi\u00f3n en vivo con los hogares que se sumaban en cada show, chat en directo, etc.<\/p>\n\n\n\n<p>Al momento de surgir los primeros permisos para reuniones sociales, transmitimos en vivo desde Okcidenta (Bv. G\u00e1lvez 2357) la Fiesta del reencuentro de Island VIP.<\/p>\n\n\n\n<figure class=\"wp-block-video\"><video controls src=\"https:\/\/masfm.com\/emisora\/wp-content\/uploads\/2024\/09\/island-vip-pandemia.mp4\"><\/video><\/figure>\n\n\n\n<h2 class=\"wp-block-heading\" id=\"abrimos-el-juego-a-todos\">Abrimos el juego a todos.<\/h2>\n\n\n\n<p>M\u00e1s Stream te ofrece estudios decorados y amueblados o en su defecto, vac\u00edos, listos para que vos les des el toque personal que est\u00e1s buscando.<\/p>\n\n\n\n<p>Adem\u00e1s, cami\u00f3n de exteriores para hacer tu programa desde el lugar que M\u00e1s te guste, toda la t\u00e9cnica para lograr la M\u00e1s alta calidad de imagen y sonido en todas las plataformas y\/o servidores privados y por \u00faltimo, personal altamente capacitado para lograr el \u00e9xito que est\u00e1s buscando.<\/p>\n\n\n\n<figure class=\"wp-block-image size-full\"><img loading=\"lazy\" decoding=\"async\" width=\"690\" height=\"330\" src=\"https:\/\/masfm.com\/emisora\/wp-content\/uploads\/2024\/09\/mas-stream-alquiler-de-estudios-moviles-para-transmisiones-de-streaming-harlem-festival.webp\" alt=\"mas stream alquiler de estudios m\u00f3viles para transmisiones de streaming harlem festival\" class=\"wp-image-21946\" title=\"M\u00e1s Stream alquiler de estudios para streaming y cami\u00f3n de exteriores para cobertura, recitales y programas en general. Ped\u00ed tu presupuesto al 342 5 165 959. ALquiler equipos para Streaming en Santa Fe Capital.\" srcset=\"https:\/\/masfm.com\/emisora\/wp-content\/uploads\/2024\/09\/mas-stream-alquiler-de-estudios-moviles-para-transmisiones-de-streaming-harlem-festival.webp 690w, https:\/\/masfm.com\/emisora\/wp-content\/uploads\/2024\/09\/mas-stream-alquiler-de-estudios-moviles-para-transmisiones-de-streaming-harlem-festival-600x287.webp 600w\" sizes=\"auto, (max-width: 690px) 100vw, 690px\" \/><figcaption class=\"wp-element-caption\"><strong>Nuestro cami\u00f3n de exteriores transmitiendo desde el Festival Harlem para Urbana Play FM de Buenos Aires.<\/strong><\/figcaption><\/figure>\n\n\n\n<p>Si necesit\u00e1s art\u00edstica para tu producto, tambi\u00e9n editamos comerciales, separadores, presentaciones de bloques, cu\u00f1as y todo lo que le de M\u00e1s personalidad a tu transmisi\u00f3n. \u00a1Estamos en todos los detalles!<\/p>\n\n\n\n<p>\u00bfY si en tus vivos quer\u00e9s poner un contenido grabado con anterioridad? \u00a1Se puede!<\/p>\n\n\n\n<p>Ya sea una grabaci\u00f3n propia, lograda por tus medios o realizada con nuestros equipos, pod\u00e9s complementar tu transmisi\u00f3n.<\/p>\n\n\n\n<p>Por ejemplo: quer\u00e9s hacer la cobertura de una fiesta haciendo entrevistas para pasarlas luego, durante el programa en vivo, lo hacemos. Ponemos los equipos, el personal, grabamos, editamos y queda listo para difundirlo.<\/p>\n\n\n\n<p>Y nunca te olvides que gran porcentaje del crecimiento de tus programas se base en redes sociales. Entonces, tambi\u00e9n hacemos clips (cortes) de los mejores momentos de tus vivos para compartirlos en redes y promocionar tu proyecto.<\/p>\n\n\n\n<p>En conclusi\u00f3n, no ten\u00e9s excusas: \u00a1pod\u00e9s mostrar todo lo que quieras!<\/p>\n\n\n\n<figure class=\"wp-block-video\"><video controls src=\"https:\/\/masfm.com\/emisora\/wp-content\/uploads\/2024\/09\/urbana-corona.mp4\"><\/video><\/figure>\n\n\n\n<h2 class=\"wp-block-heading\" id=\"arma-tu-setup\">Arm\u00e1 tu Setup.<\/h2>\n\n\n\n<p>Con nosotros, ten\u00e9s la posibilidad de definir qu\u00e9 equipos necesit\u00e1s espec\u00edficamente para cada transmisi\u00f3n. Obviamente, un recital no necesita los mismos elementos que una entrevista mano a mano.<\/p>\n\n\n\n<p>Tenemos c\u00e1maras fijas (estilo WebCam), c\u00e1maras Go Pro, c\u00e1maras &#8220;al hombro&#8221; y c\u00e1maras rob\u00f3ticas. Contamos con microfon\u00eda por cable o inal\u00e1mbrica, de mano, corbateros y\/o vinchas.<\/p>\n\n\n\n<p>En iluminaci\u00f3n profesional, tendr\u00e1s que definir si la prefer\u00eds c\u00e1lida o fr\u00eda.<\/p>\n\n\n\n<p>Tambi\u00e9n pod\u00e9s elegir la cantidad de PlayOut (reproductores de videos) que necesite tu proyecto como as\u00ed tambi\u00e9n, los enlaces con el mundo exterior utilizando m\u00faltiples plataformas.<\/p>\n\n\n\n<h2 class=\"wp-block-heading\" id=\"contacto-con-mas-stream\">Contacto con M\u00e1s Stream.<\/h2>\n\n\n\n<p>Sac\u00e1 tu turno fijo para asegurarte el horario ideal para tu programa y olvidate de todo, nosotros estamos para convertir en imagen y sonido aquello que tengas en mente. <\/p>\n\n\n\n<p>Sin dudas, somos tu mejor aliado porque nos ponemos la camiseta de tu proyecto.<\/p>\n\n\n\n<p>Mandanos un correo ahora mismo a masfm@masfm.com o mensaje (escrito o de voz) por medio de <a href=\"https:\/\/wa.me\/54342155165959\" target=\"_blank\" rel=\"noreferrer noopener\">nuestro Whatsapp<\/a> (342-155 165 959) y sacate todas las dudas que tengas.<\/p>\n\n\n\n<p>\u00a1Te esperamos!<\/p>\n\n\n\n<figure class=\"wp-block-image size-full\"><img loading=\"lazy\" decoding=\"async\" width=\"690\" height=\"330\" src=\"https:\/\/masfm.com\/emisora\/wp-content\/uploads\/2024\/09\/mas-stream-alquiler-de-estudios-moviles-para-transmisiones-de-streaming-harlem-festival-2.webp\" alt=\"En M\u00e1s Stream alquilamos estudios, t\u00e9cnica y personal profesional para realizar tus mejores transmisiones de Streaming, TV y circuito cerrado.\" class=\"wp-image-21956\" title=\"M\u00e1s Stream te ofrece estudios decorados y amueblados o en su defecto, vac\u00edos, listos para que vos les des el toque personal que est\u00e1s buscando.  Adem\u00e1s, cami\u00f3n de exteriores para hacer tu programa desde el lugar que M\u00e1s te guste, toda la t\u00e9cnica para lograr la M\u00e1s alta calidad de imagen y sonido en todas las plataformas y\/o servidores privados y por \u00faltimo, personal altamente capacitado para lograr el \u00e9xito que est\u00e1s buscando.\" srcset=\"https:\/\/masfm.com\/emisora\/wp-content\/uploads\/2024\/09\/mas-stream-alquiler-de-estudios-moviles-para-transmisiones-de-streaming-harlem-festival-2.webp 690w, https:\/\/masfm.com\/emisora\/wp-content\/uploads\/2024\/09\/mas-stream-alquiler-de-estudios-moviles-para-transmisiones-de-streaming-harlem-festival-2-600x287.webp 600w\" sizes=\"auto, (max-width: 690px) 100vw, 690px\" \/><figcaption class=\"wp-element-caption\"><strong>Nuestro cami\u00f3n de exteriores transmitiendo desde el Festival Harlem para Urbana Play FM de Buenos Aires.<\/strong><\/figcaption><\/figure>\n","protected":false},"excerpt":{"rendered":"<p>En M\u00e1s Stream alquilamos estudios, t\u00e9cnica y personal profesional para realizar tus mejores transmisiones de Streaming, TV y circuito cerrado. M\u00e1s Stream son estudios en alquiler para Streaming y TV, amueblados o no, con toda la t\u00e9cnica necesario para realizar transmisiones profesionales desde Santa Fe Capital para todo el mundo. Este desprendimiento de M\u00e1s FM&hellip;<\/p>\n","protected":false},"author":4,"featured_media":21930,"parent":0,"menu_order":0,"comment_status":"closed","ping_status":"closed","template":"","meta":{"footnotes":""},"class_list":["post-21783","page","type-page","status-publish","has-post-thumbnail","hentry"],"amp_enabled":true,"_links":{"self":[{"href":"https:\/\/masfm.com\/emisora\/wp-json\/wp\/v2\/pages\/21783","targetHints":{"allow":["GET"]}}],"collection":[{"href":"https:\/\/masfm.com\/emisora\/wp-json\/wp\/v2\/pages"}],"about":[{"href":"https:\/\/masfm.com\/emisora\/wp-json\/wp\/v2\/types\/page"}],"author":[{"embeddable":true,"href":"https:\/\/masfm.com\/emisora\/wp-json\/wp\/v2\/users\/4"}],"replies":[{"embeddable":true,"href":"https:\/\/masfm.com\/emisora\/wp-json\/wp\/v2\/comments?post=21783"}],"version-history":[{"count":0,"href":"https:\/\/masfm.com\/emisora\/wp-json\/wp\/v2\/pages\/21783\/revisions"}],"wp:featuredmedia":[{"embeddable":true,"href":"https:\/\/masfm.com\/emisora\/wp-json\/wp\/v2\/media\/21930"}],"wp:attachment":[{"href":"https:\/\/masfm.com\/emisora\/wp-json\/wp\/v2\/media?parent=21783"}],"curies":[{"name":"wp","href":"https:\/\/api.w.org\/{rel}","templated":true}]}}